{"id":182,"date":"2023-12-05T20:13:00","date_gmt":"2023-12-05T20:13:00","guid":{"rendered":"https:\/\/shaskiatravelandtours.com\/?page_id=182"},"modified":"2024-06-25T09:31:49","modified_gmt":"2024-06-25T08:31:49","slug":"crystals-of-iceland","status":"publish","type":"page","link":"https:\/\/shaskiatravelandtours.com\/index.php\/crystals-of-iceland\/","title":{"rendered":"Crystals of Iceland"},"content":{"rendered":"\t\t<div data-elementor-type=\"wp-page\" data-elementor-id=\"182\" class=\"elementor elementor-182\">\n\t\t\t\t<div class=\"elementor-element elementor-element-1baf49ff e-flex e-con-boxed e-con e-parent\" data-id=\"1baf49ff\" data-element_type=\"container\" data-e-type=\"container\">\n\t\t\t\t\t<div class=\"e-con-inner\">\n\t\t\t\t<div class=\"elementor-element elementor-element-6318beb7 elementor-widget elementor-widget-image\" data-id=\"6318beb7\" data-element_type=\"widget\" data-e-type=\"widget\" data-widget_type=\"image.default\">\n\t\t\t\t<div class=\"elementor-widget-container\">\n\t\t\t\t\t\t\t\t\t\t\t\t\t\t\t<img fetchpriority=\"high\" decoding=\"async\" width=\"691\" height=\"1024\" src=\"https:\/\/shaskiatravelandtours.com\/wp-content\/uploads\/2024\/06\/ICELAND-AND-SCANDINAVIA-691x1024.png\" class=\"attachment-large size-large wp-image-2562\" alt=\"\" srcset=\"https:\/\/shaskiatravelandtours.com\/wp-content\/uploads\/2024\/06\/ICELAND-AND-SCANDINAVIA-691x1024.png 691w, https:\/\/shaskiatravelandtours.com\/wp-content\/uploads\/2024\/06\/ICELAND-AND-SCANDINAVIA-202x300.png 202w, https:\/\/shaskiatravelandtours.com\/wp-content\/uploads\/2024\/06\/ICELAND-AND-SCANDINAVIA-768x1138.png 768w, https:\/\/shaskiatravelandtours.com\/wp-content\/uploads\/2024\/06\/ICELAND-AND-SCANDINAVIA-40x60.png 40w, https:\/\/shaskiatravelandtours.com\/wp-content\/uploads\/2024\/06\/ICELAND-AND-SCANDINAVIA.png 911w\" sizes=\"(max-width: 691px) 100vw, 691px\" \/>\t\t\t\t\t\t\t\t\t\t\t\t\t\t\t<\/div>\n\t\t\t\t<\/div>\n\t\t\t\t\t<\/div>\n\t\t\t\t<\/div>\n\t\t<div class=\"elementor-element elementor-element-708e80ca e-flex e-con-boxed e-con e-parent\" data-id=\"708e80ca\" data-element_type=\"container\" data-e-type=\"container\">\n\t\t\t\t\t<div class=\"e-con-inner\">\n\t\t\t\t<div class=\"elementor-element elementor-element-37333f43 elementor-widget elementor-widget-text-editor\" data-id=\"37333f43\" data-element_type=\"widget\" data-e-type=\"widget\" data-widget_type=\"text-editor.default\">\n\t\t\t\t<div class=\"elementor-widget-container\">\n\t\t\t\t\t\t\t\t\t<p>Get ready to explore the CRYSTALS of ICELAND!<\/p><p>From Iceland&#8217;s breathtaking glaciers \u2744\ufe0f that reflect the Northern Lights to the fire-filled volcanoes \ud83c\udf0b, see where glaciers meet fire to witness an awe-inspiring spectacle! \u2728<\/p><p>And to complete your experience, we&#8217;ve included stops in Amsterdam and Paris &#8211; your pre and post-ICELAND adventure!<\/p><p>This is CRYSTALS: Fires &amp; Glaciers of Iceland \u2744\ufe0f\ud83d\udd25<\/p>\t\t\t\t\t\t\t\t<\/div>\n\t\t\t\t<\/div>\n\t\t\t\t\t<\/div>\n\t\t\t\t<\/div>\n\t\t<div class=\"elementor-element elementor-element-639cf440 e-flex e-con-boxed e-con e-parent\" data-id=\"639cf440\" data-element_type=\"container\" data-e-type=\"container\">\n\t\t\t\t\t<div class=\"e-con-inner\">\n\t\t\t\t<div class=\"elementor-element elementor-element-771386aa elementor-widget elementor-widget-heading\" data-id=\"771386aa\" data-element_type=\"widget\" data-e-type=\"widget\" data-widget_type=\"heading.default\">\n\t\t\t\t<div class=\"elementor-widget-container\">\n\t\t\t\t\t<h2 class=\"elementor-heading-title elementor-size-default\">For as low as $5,288! \u2728BOOK NOW\u2728<\/h2>\t\t\t\t<\/div>\n\t\t\t\t<\/div>\n\t\t\t\t\t<\/div>\n\t\t\t\t<\/div>\n\t\t<div class=\"elementor-element elementor-element-4514a395 e-flex e-con-boxed e-con e-parent\" data-id=\"4514a395\" data-element_type=\"container\" data-e-type=\"container\">\n\t\t\t\t\t<div class=\"e-con-inner\">\n\t\t\t\t<div class=\"elementor-element elementor-element-51a9e25a elementor-widget elementor-widget-heading\" data-id=\"51a9e25a\" data-element_type=\"widget\" data-e-type=\"widget\" data-widget_type=\"heading.default\">\n\t\t\t\t<div class=\"elementor-widget-container\">\n\t\t\t\t\t<h2 class=\"elementor-heading-title elementor-size-default\">PACKAGE RATES:\n<\/h2>\t\t\t\t<\/div>\n\t\t\t\t<\/div>\n\t\t\t\t\t<\/div>\n\t\t\t\t<\/div>\n\t\t<div class=\"elementor-element elementor-element-43c2ff55 e-flex e-con-boxed e-con e-parent\" data-id=\"43c2ff55\" data-element_type=\"container\" data-e-type=\"container\">\n\t\t\t\t\t<div class=\"e-con-inner\">\n\t\t\t\t<div class=\"elementor-element elementor-element-7a950972 elementor-widget elementor-widget-heading\" data-id=\"7a950972\" data-element_type=\"widget\" data-e-type=\"widget\" data-widget_type=\"heading.default\">\n\t\t\t\t<div class=\"elementor-widget-container\">\n\t\t\t\t\t<h2 class=\"elementor-heading-title elementor-size-default\">USD 5,888 for 35 pax <BR>\nUSD 5,988 for 30 pax  <BR>\nUSD 6,088 for 25 pax  <BR>\nUSD 6,188 for 20 pax  <BR>  <BR>\n\nSINGLE SUPPLEMENT: Additional USD 1,588<\/h2>\t\t\t\t<\/div>\n\t\t\t\t<\/div>\n\t\t\t\t\t<\/div>\n\t\t\t\t<\/div>\n\t\t<div class=\"elementor-element elementor-element-50651320 e-flex e-con-boxed e-con e-parent\" data-id=\"50651320\" data-element_type=\"container\" data-e-type=\"container\">\n\t\t\t\t\t<div class=\"e-con-inner\">\n\t\t\t\t<div class=\"elementor-element elementor-element-71bf1dd5 elementor-widget elementor-widget-heading\" data-id=\"71bf1dd5\" data-element_type=\"widget\" data-e-type=\"widget\" data-widget_type=\"heading.default\">\n\t\t\t\t<div class=\"elementor-widget-container\">\n\t\t\t\t\t<h2 class=\"elementor-heading-title elementor-size-default\">GUARANTEED DEPARTURES:\n<\/h2>\t\t\t\t<\/div>\n\t\t\t\t<\/div>\n\t\t\t\t\t<\/div>\n\t\t\t\t<\/div>\n\t\t<div class=\"elementor-element elementor-element-2da8df04 e-flex e-con-boxed e-con e-parent\" data-id=\"2da8df04\" data-element_type=\"container\" data-e-type=\"container\">\n\t\t\t\t\t<div class=\"e-con-inner\">\n\t\t\t\t<div class=\"elementor-element elementor-element-4020880 elementor-widget elementor-widget-text-editor\" data-id=\"4020880\" data-element_type=\"widget\" data-e-type=\"widget\" data-widget_type=\"text-editor.default\">\n\t\t\t\t<div class=\"elementor-widget-container\">\n\t\t\t\t\t\t\t\t\t<p>November 11-22, 2024<\/p>\t\t\t\t\t\t\t\t<\/div>\n\t\t\t\t<\/div>\n\t\t\t\t\t<\/div>\n\t\t\t\t<\/div>\n\t\t<div class=\"elementor-element elementor-element-7fad89f2 e-flex e-con-boxed e-con e-parent\" data-id=\"7fad89f2\" data-element_type=\"container\" data-e-type=\"container\">\n\t\t\t\t\t<div class=\"e-con-inner\">\n\t\t\t\t<div class=\"elementor-element elementor-element-5cdb03b1 elementor-widget elementor-widget-heading\" data-id=\"5cdb03b1\" data-element_type=\"widget\" data-e-type=\"widget\" data-widget_type=\"heading.default\">\n\t\t\t\t<div class=\"elementor-widget-container\">\n\t\t\t\t\t<h2 class=\"elementor-heading-title elementor-size-default\">HOTELS:<\/h2>\t\t\t\t<\/div>\n\t\t\t\t<\/div>\n\t\t\t\t\t<\/div>\n\t\t\t\t<\/div>\n\t\t<div class=\"elementor-element elementor-element-411ed987 e-flex e-con-boxed e-con e-parent\" data-id=\"411ed987\" data-element_type=\"container\" data-e-type=\"container\">\n\t\t\t\t\t<div class=\"e-con-inner\">\n\t\t\t\t<div class=\"elementor-element elementor-element-2d99d953 elementor-widget elementor-widget-text-editor\" data-id=\"2d99d953\" data-element_type=\"widget\" data-e-type=\"widget\" data-widget_type=\"text-editor.default\">\n\t\t\t\t<div class=\"elementor-widget-container\">\n\t\t\t\t\t\t\t\t\t<p>AMSTERDAM, NETHERLANDS &#8211; MERCURE AMSTERDAM WEST 4* or similar hotel<br \/>REYKJAVIK, ICELAND &#8211; ICELANDAIR HOTEL NATURA 4* or similar hotel<br \/>AKUREYRI, ICELAND &#8211; ICELANDAIR HOTEL AKUREYRI 4* or similar hotel<br \/>MYVATN, ICELAND &#8211; FOSSHOTEL MYVATN 4* or similar hotel<br \/>HERAD, ICELAND &#8211; FOSSHOTEL HERAD 4* or similar hotel<br \/>REYNISFJARA, &#8211; ICELAND HOTEL KATLA BY KEAHOTELS 4* or similar hotel<br \/>PARIS, FRANCE &#8211; MERCURE PORTE DE VERSAILLES EXPO 4* or similar hotel<\/p>\t\t\t\t\t\t\t\t<\/div>\n\t\t\t\t<\/div>\n\t\t\t\t\t<\/div>\n\t\t\t\t<\/div>\n\t\t<div class=\"elementor-element elementor-element-3064b26 e-flex e-con-boxed e-con e-parent\" data-id=\"3064b26\" data-element_type=\"container\" data-e-type=\"container\">\n\t\t\t\t\t<div class=\"e-con-inner\">\n\t\t\t\t<div class=\"elementor-element elementor-element-694d8fcc elementor-widget elementor-widget-heading\" data-id=\"694d8fcc\" data-element_type=\"widget\" data-e-type=\"widget\" data-widget_type=\"heading.default\">\n\t\t\t\t<div class=\"elementor-widget-container\">\n\t\t\t\t\t<h2 class=\"elementor-heading-title elementor-size-default\">INCLUSIONS:<\/h2>\t\t\t\t<\/div>\n\t\t\t\t<\/div>\n\t\t\t\t\t<\/div>\n\t\t\t\t<\/div>\n\t\t<div class=\"elementor-element elementor-element-6a5d0948 e-flex e-con-boxed e-con e-parent\" data-id=\"6a5d0948\" data-element_type=\"container\" data-e-type=\"container\">\n\t\t\t\t\t<div class=\"e-con-inner\">\n\t\t\t\t<div class=\"elementor-element elementor-element-4b34c6af elementor-widget elementor-widget-text-editor\" data-id=\"4b34c6af\" data-element_type=\"widget\" data-e-type=\"widget\" data-widget_type=\"text-editor.default\">\n\t\t\t\t<div class=\"elementor-widget-container\">\n\t\t\t\t\t\t\t\t\t<p>\u2022 Roundtrip Airfare via Emirates (30KG Check-in Baggage with 7KG Hand Carry)<br \/>\u2022 Domestic Airfare via Iceland Air (1 piece 23KG Check-in Baggage)<br \/>\u2022 4* 9N Hotel accommodation<br \/>\u2022 Daily Hotel breakfast<br \/>\u2022 Full Board Meals in Iceland<br \/>\u2022 Private coach<br \/>\u2022 European Tour Manager all throughout<br \/>\u2022 Filipino Tour leader<br \/>\u2022 Fully Loaded Tours as specified<br \/>\u2022 English-Speaking Licensed Guide (specified on itinerary)<br \/>\u2022 City Taxes<\/p>\t\t\t\t\t\t\t\t<\/div>\n\t\t\t\t<\/div>\n\t\t\t\t\t<\/div>\n\t\t\t\t<\/div>\n\t\t<div class=\"elementor-element elementor-element-7b266961 e-flex e-con-boxed e-con e-parent\" data-id=\"7b266961\" data-element_type=\"container\" data-e-type=\"container\">\n\t\t\t\t\t<div class=\"e-con-inner\">\n\t\t\t\t<div class=\"elementor-element elementor-element-415474ae elementor-widget elementor-widget-heading\" data-id=\"415474ae\" data-element_type=\"widget\" data-e-type=\"widget\" data-widget_type=\"heading.default\">\n\t\t\t\t<div class=\"elementor-widget-container\">\n\t\t\t\t\t<h2 class=\"elementor-heading-title elementor-size-default\">EXCLUSIONS:<\/h2>\t\t\t\t<\/div>\n\t\t\t\t<\/div>\n\t\t\t\t\t<\/div>\n\t\t\t\t<\/div>\n\t\t<div class=\"elementor-element elementor-element-e58e9c6 e-flex e-con-boxed e-con e-parent\" data-id=\"e58e9c6\" data-element_type=\"container\" data-e-type=\"container\">\n\t\t\t\t\t<div class=\"e-con-inner\">\n\t\t\t\t<div class=\"elementor-element elementor-element-468f932d elementor-widget elementor-widget-text-editor\" data-id=\"468f932d\" data-element_type=\"widget\" data-e-type=\"widget\" data-widget_type=\"text-editor.default\">\n\t\t\t\t<div class=\"elementor-widget-container\">\n\t\t\t\t\t\t\t\t\t<p>\u2022 Visa fee &#8211; PHP 10,500<br \/>\u2022 Travel Insurance &#8211; PHP 1,955 (Up to 59 y\/o only. If pax is 60 y\/o and above, for quotation for <br \/>Premium Insurance.)<br \/>\u2022 Tippings &#8211; USD 10 \/day\/person &#8211; USD 100<br \/>\u2022 Meals (Lunch and Dinner) in Amsterdam and Paris<br \/>\u2022 Services not mentioned in the program<br \/>\u2022 International Airline taxes &#8211; Approx. USD 180<br \/>\u2022 Domestic Airline taxes &#8211; Approx. USD 19<\/p>\t\t\t\t\t\t\t\t<\/div>\n\t\t\t\t<\/div>\n\t\t\t\t\t<\/div>\n\t\t\t\t<\/div>\n\t\t<div class=\"elementor-element elementor-element-5c6946bb e-flex e-con-boxed e-con e-parent\" data-id=\"5c6946bb\" data-element_type=\"container\" data-e-type=\"container\">\n\t\t\t\t\t<div class=\"e-con-inner\">\n\t\t\t\t<div class=\"elementor-element elementor-element-11cdd88d elementor-widget elementor-widget-heading\" data-id=\"11cdd88d\" data-element_type=\"widget\" data-e-type=\"widget\" data-widget_type=\"heading.default\">\n\t\t\t\t<div class=\"elementor-widget-container\">\n\t\t\t\t\t<h2 class=\"elementor-heading-title elementor-size-default\">ITINERARY:<\/h2>\t\t\t\t<\/div>\n\t\t\t\t<\/div>\n\t\t\t\t\t<\/div>\n\t\t\t\t<\/div>\n\t\t<div class=\"elementor-element elementor-element-66cf50b6 e-flex e-con-boxed e-con e-parent\" data-id=\"66cf50b6\" data-element_type=\"container\" data-e-type=\"container\">\n\t\t\t\t\t<div class=\"e-con-inner\">\n\t\t\t\t<div class=\"elementor-element elementor-element-7825c4d9 elementor-widget elementor-widget-text-editor\" data-id=\"7825c4d9\" data-element_type=\"widget\" data-e-type=\"widget\" data-widget_type=\"text-editor.default\">\n\t\t\t\t<div class=\"elementor-widget-container\">\n\t\t\t\t\t\t\t\t\t<p>DAY 1: MANILA &#8211; AMSTERDAM (MEALS ON BOARD)<br \/>-Departure from Manila.<\/p><p>DAY 2: AMSTERDAM (MEALS ON BOARD)<br \/>-Welcome to Amsterdam!<br \/>-After immigration clearance, proceed to afternoon tour \u2013 will proceed for photo stops at Museum <br \/>Square, Dam Square and Royal Palace. Entrance to Coster Diamond Factory and will ride a Canal <br \/>Cruise by Coster Diamond. Check-in at hotel and overnight.<br \/>-Hotel Accommodation: MERCURE AMSTERDAM WEST or similar.<\/p><p>DAY 3: AMSTERDAM &#8211; REYKJAVIK (B\/-\/D)<br \/>-After breakfast, we proceed to airport for flight to Reykjavik. <br \/>-Lunch time (own pax arrangement)<br \/>FI 501 13FEB AMS-KEF 13:00-15:25 <br \/>-Upon arrival Reykjavik, meet and greet from the airport and then transfer to Blue Lagoon. After that will proceed for Traditional Viking Dinner in Viking Village. Will proceed to our Northern Lights Hunting by bus (3 hours).<br \/>-Stay overnight in Icelandair Hotel Natura or similar (TWIN\/DBL basis)<\/p><p>DAY 4: REYKJAVIK &#8211; HRAUNFOSSAR &#8211; AKUREYI (B\/L\/D)<br \/>\u2022 Breakfast at hotel<br \/>\u2022 Proceed to Reykjavik Sightseeing Tour<br \/>\u2022 Proceed to Hraunfossar<br \/>\u2022 Lunch at local restaurant<br \/>\u2022 Dinner at local restaurant<br \/>\u2022 Proceed to Akureyri<br \/>-Stay overnight in Akureyri_ Icelandair Hotel Akureyri or similar (TWIN\/DBL basis)<\/p><p>DAY 5: AKUREYI &#8211; GODAFOSS &#8211; MYVATN (B\/L\/D)<br \/>\u2022 Breakfast at hotel<br \/>\u2022 Visit Godafoss, Skutustadagrig, Dimmuborgir Lunch at local restaurant<br \/>\u2022 Entrance tickets to Myvatn Nature Bath+ Tower Dinner at hotel restaurant<br \/>\u2022 Northern Lights hunting by bus (3 hours)<br \/>-Stay overnight in Fossh\u00f3tel M\u00fdvatn or similar (TWIN\/DBL basis)<\/p><p>DAY 6: MYVATH &#8211; NAMAFJALL HVERIR &#8211; KRAFLA VALCANO &#8211; DETTIFOSS &#8211; H\u00c9RA\u00d0 (B\/L\/D)<br \/>\u2022 Breakfast at hotel<br \/>\u2022 Visit Namafjall Hverir \u2013 H\u00e9ra\u00f0<br \/>\u2022 Visit Krafla Valcano<br \/>\u2022 Visit Dettifoss<br \/>\u2022 Lunch at local restaurant<br \/>\u2022 Dinner at hotel restaurant<br \/>-Overnight in Icelandair Hotel H\u00e9ra\u00f0 or similar (TWIN\/DBL basis)<\/p><p>DAY 7: H\u00c9RA\u00d0 &#8211; BREIODALSVIK &#8211; J\u00d6KULS\u00c1RL\u00d3N GLACIER &#8211; CRYSTAL ICE CAVE (B\/L\/D)<br \/>\u2022 Breakfast at hotel<br \/>\u2022 Transfer to the Eastfjord<br \/>\u2022 Photo stop at Breiodalsvik<br \/>\u2022 Lunch : local restaurant<br \/>\u2022 Transfer to J\u00f6kuls\u00e1rl\u00f3n Glacier<br \/>\u2022 Transfer to hotel and check-in<br \/>-Stay overnight in Fosshotel Nupar or similar hotel (TWIN\/DBL basis)<\/p><p>DAY 8: VIK &#8211; REYNISFJARA &#8211; GOLDEN CIRCLE &#8211; REYKJAVIK (B\/L\/D)<br \/>\u2022 Breakfast at hotel<br \/>\u2022 Transfer to Vik<br \/>\u2022 Visit Vik &amp; Reynisfjara Beach<br \/>\u2022 Visit Seljalandsfoss<br \/>\u2022 Lunch at local restaurant<br \/>\u2022 Visit Geysir, Gullfoss and Thingvellir National Park <br \/>\u2022 Transfer to hotel and check in <br \/>-Stay overnight in Icelandair Hotel Natura or similar (TWIN\/DBL basis)<\/p><p>DAY 9: REYKJAVIK &#8211; PARIS (B\/-\/-)<br \/>-Breakfast at hotel<br \/>-Transfer to KEF airport for the flight going to Paris<br \/>FI 544 19FEB KEF-CDG 07:45-12:10 <br \/>-Proceed to City Tour \u2013 Photo stops at Arc De Triomphe, Place de la Concorde, Invalides, Louvre <br \/>Pyramids, Eiffel Tower and Seine Day Cruise by Bateaux Mouches.<br \/>-Stay overnight at Mercure Porte De Versailles Expo (TWIN\/DBL basis)<\/p><p>DAY 10: PARIS (B\/-\/-)<br \/>-Breakfast at hotel.<br \/>-Free day at Galeries Lafayette and shopping. Go back to your hotel.<br \/>-Stay overnight at Mercure Porte De Versailles Expo (TWIN\/DBL basis)<\/p><p>DAY 11: PARIS &#8211; MANILA (B\/-\/-)<br \/>-Breakfast at hotel. Free time and transfer to the airport.<\/p><p>DAY 12: MANILA (MEALS ON BOARD)<br \/>-Arrival in Manila.<\/p><p>\u00a0<\/p>\t\t\t\t\t\t\t\t<\/div>\n\t\t\t\t<\/div>\n\t\t\t\t\t<\/div>\n\t\t\t\t<\/div>\n\t\t<div class=\"elementor-element elementor-element-59e204d7 e-flex e-con-boxed e-con e-parent\" data-id=\"59e204d7\" data-element_type=\"container\" data-e-type=\"container\">\n\t\t\t\t\t<div class=\"e-con-inner\">\n\t\t\t\t<div class=\"elementor-element elementor-element-198c9b9 elementor-widget elementor-widget-heading\" data-id=\"198c9b9\" data-element_type=\"widget\" data-e-type=\"widget\" data-widget_type=\"heading.default\">\n\t\t\t\t<div class=\"elementor-widget-container\">\n\t\t\t\t\t<h2 class=\"elementor-heading-title elementor-size-default\">BOOKING PROCEDURE:<\/h2>\t\t\t\t<\/div>\n\t\t\t\t<\/div>\n\t\t\t\t\t<\/div>\n\t\t\t\t<\/div>\n\t\t<div class=\"elementor-element elementor-element-540fdf5 e-flex e-con-boxed e-con e-parent\" data-id=\"540fdf5\" data-element_type=\"container\" data-e-type=\"container\">\n\t\t\t\t\t<div class=\"e-con-inner\">\n\t\t\t\t<div class=\"elementor-element elementor-element-2a75c4ea elementor-widget elementor-widget-text-editor\" data-id=\"2a75c4ea\" data-element_type=\"widget\" data-e-type=\"widget\" data-widget_type=\"text-editor.default\">\n\t\t\t\t<div class=\"elementor-widget-container\">\n\t\t\t\t\t\t\t\t\t<p>\u2022 Send Passport Copy to: inquiries@shaskiatravelandtours.com<br \/>Guarantee Deposit must be settled within 5 BUSINESS DAYS of receiving the Confirmation Invoice. Otherwise, the slot may be released.<br \/>\u2022 Non-refundable $1,500 per person to reserve<br \/>\u2022 Full Payment must be settled 45 DAYS before the Departure Date, otherwise, the slot may be released and the deposit would be forfeited.<\/p><p>CANCELLATION CHARGES<br \/>\u2022 90 days \u2013 forfeiture of guarantee deposit <br \/>\u2022 60 days \u2013 forfeiture of guarantee deposit and 50% cancellation charges applies<br \/>\u2022 45 days \u2013 forfeiture of guarantee deposit and 100% cancellation charges applies<\/p><p>VISA APPLICATION <br \/>\u2022 If the VISA APPLICATION IS DENIED, the guarantee deposit will be FORFEITED.<\/p><p>OTHERS<br \/>\u2022 For the passenger, who cannot pass the immigration process in any Int&#8217;l airport, the tour cost is non-refundable.<br \/>\u2022 The Package is non-refundable and cannot be rebooked. No refund for any unused tours, transportations, hotels and flights.<br \/>\u2022 Rebooking can only be processed in the event of natural calamities and force majeure (war or threat of war, riot, civil strife, industrial disputes, terrorist activity, epidemics and pandemics), or mandated government cancellations. Refund is not an option.<br \/>\u2022 In the event of sudden adjustment with the flight schedule made by the airline, the clients are expected to follow the new set schedule.<br \/>\u2022 Rebooking might be considered once the passenger&#8217;s result is POSITIVE of COVID-19 but still under airline and hotel discretions.<\/p>\t\t\t\t\t\t\t\t<\/div>\n\t\t\t\t<\/div>\n\t\t\t\t\t<\/div>\n\t\t\t\t<\/div>\n\t\t<div class=\"elementor-element elementor-element-24c4016a e-flex e-con-boxed e-con e-parent\" data-id=\"24c4016a\" data-element_type=\"container\" data-e-type=\"container\">\n\t\t\t\t\t<div class=\"e-con-inner\">\n\t\t\t\t<div class=\"elementor-element elementor-element-313ce433 elementor-widget elementor-widget-heading\" data-id=\"313ce433\" data-element_type=\"widget\" data-e-type=\"widget\" data-widget_type=\"heading.default\">\n\t\t\t\t<div class=\"elementor-widget-container\">\n\t\t\t\t\t<h2 class=\"elementor-heading-title elementor-size-default\">Inquire Now!<\/h2>\t\t\t\t<\/div>\n\t\t\t\t<\/div>\n\t\t\t\t\t<\/div>\n\t\t\t\t<\/div>\n\t\t<div class=\"elementor-element elementor-element-204becdc e-flex e-con-boxed e-con e-parent\" data-id=\"204becdc\" data-element_type=\"container\" data-e-type=\"container\">\n\t\t\t\t\t<div class=\"e-con-inner\">\n\t\t\t\t<div class=\"elementor-element elementor-element-161daf3b elementor-widget elementor-widget-wpforms\" data-id=\"161daf3b\" data-element_type=\"widget\" data-e-type=\"widget\" data-widget_type=\"wpforms.default\">\n\t\t\t\t<div class=\"elementor-widget-container\">\n\t\t\t\t\t<div class=\"wpforms-container wpforms-container-full wpforms-render-modern\" id=\"wpforms-200\"><form id=\"wpforms-form-200\" class=\"wpforms-validate wpforms-form wpforms-ajax-form\" data-formid=\"200\" method=\"post\" enctype=\"multipart\/form-data\" action=\"\/index.php\/wp-json\/wp\/v2\/pages\/182\" data-token=\"e6cd50d86c04d47411754228ab271441\" data-token-time=\"1777584072\"><noscript class=\"wpforms-error-noscript\">Please enable JavaScript in your browser to complete this form.<\/noscript><div id=\"wpforms-error-noscript\" style=\"display: none;\">Please enable JavaScript in your browser to complete this form.<\/div><div class=\"wpforms-field-container\"><div id=\"wpforms-200-field_2-container\" class=\"wpforms-field wpforms-field-text\" data-field-id=\"2\"><label class=\"wpforms-field-label\" for=\"wpforms-200-field_2\">Name <span class=\"wpforms-required-label\" aria-hidden=\"true\">*<\/span><\/label><input type=\"text\" id=\"wpforms-200-field_2\" class=\"wpforms-field-medium wpforms-field-required\" name=\"wpforms[fields][2]\" aria-errormessage=\"wpforms-200-field_2-error\" required><\/div><div id=\"wpforms-200-field_3-container\" class=\"wpforms-field wpforms-field-number\" data-field-id=\"3\"><label class=\"wpforms-field-label\" for=\"wpforms-200-field_3\">Mobile Number: <span class=\"wpforms-required-label\" aria-hidden=\"true\">*<\/span><\/label><input type=\"number\" id=\"wpforms-200-field_3\" class=\"wpforms-field-medium wpforms-field-required\" name=\"wpforms[fields][3]\" step=\"any\" aria-errormessage=\"wpforms-200-field_3-error\" required><\/div><div id=\"wpforms-200-field_1-container\" class=\"wpforms-field wpforms-field-text\" data-field-id=\"1\"><label class=\"wpforms-field-label\" for=\"wpforms-200-field_1\">Email Ad: <span class=\"wpforms-required-label\" aria-hidden=\"true\">*<\/span><\/label><input type=\"text\" id=\"wpforms-200-field_1\" class=\"wpforms-field-medium wpforms-field-required\" name=\"wpforms[fields][1]\" aria-errormessage=\"wpforms-200-field_1-error\" required><\/div><div id=\"wpforms-200-field_4-container\" class=\"wpforms-field wpforms-field-textarea\" data-field-id=\"4\"><label class=\"wpforms-field-label\" for=\"wpforms-200-field_4\">Message: <span class=\"wpforms-required-label\" aria-hidden=\"true\">*<\/span><\/label><textarea id=\"wpforms-200-field_4\" class=\"wpforms-field-medium wpforms-field-required\" name=\"wpforms[fields][4]\" aria-errormessage=\"wpforms-200-field_4-error\" required><\/textarea><\/div><\/div><!-- .wpforms-field-container --><div class=\"wpforms-submit-container\" ><input type=\"hidden\" name=\"wpforms[id]\" value=\"200\"><input type=\"hidden\" name=\"page_title\" value=\"\"><input type=\"hidden\" name=\"page_url\" value=\"https:\/\/shaskiatravelandtours.com\/index.php\/wp-json\/wp\/v2\/pages\/182\"><input type=\"hidden\" name=\"url_referer\" value=\"\"><button type=\"submit\" name=\"wpforms[submit]\" id=\"wpforms-submit-200\" class=\"wpforms-submit\" data-alt-text=\"Sending\u2026\" data-submit-text=\"Submit\" aria-live=\"assertive\" value=\"wpforms-submit\">Submit<\/button><img decoding=\"async\" src=\"https:\/\/shaskiatravelandtours.com\/wp-content\/plugins\/wpforms-lite\/assets\/images\/submit-spin.svg\" class=\"wpforms-submit-spinner\" style=\"display: none;\" width=\"26\" height=\"26\" alt=\"Loading\"><\/div><\/form><\/div>  <!-- .wpforms-container -->\t\t\t\t<\/div>\n\t\t\t\t<\/div>\n\t\t\t\t\t<\/div>\n\t\t\t\t<\/div>\n\t\t\t\t<\/div>\n\t\t","protected":false},"excerpt":{"rendered":"<p>Get ready to explore the CRYSTALS of ICELAND! From Iceland&#8217;s breathtaking glaciers \u2744\ufe0f that reflect the Northern Lights to the fire-filled volcanoes \ud83c\udf0b, see where glaciers meet fire to witness &hellip; <\/p>\n","protected":false},"author":1,"featured_media":0,"parent":0,"menu_order":0,"comment_status":"closed","ping_status":"closed","template":"","meta":{"om_disable_all_campaigns":false,"_monsterinsights_skip_tracking":false,"_monsterinsights_sitenote_active":false,"_monsterinsights_sitenote_note":"","_monsterinsights_sitenote_category":0,"_kadence_starter_templates_imported_post":false,"footnotes":""},"class_list":["post-182","page","type-page","status-publish","hentry"],"aioseo_notices":[],"_links":{"self":[{"href":"https:\/\/shaskiatravelandtours.com\/index.php\/wp-json\/wp\/v2\/pages\/182","targetHints":{"allow":["GET"]}}],"collection":[{"href":"https:\/\/shaskiatravelandtours.com\/index.php\/wp-json\/wp\/v2\/pages"}],"about":[{"href":"https:\/\/shaskiatravelandtours.com\/index.php\/wp-json\/wp\/v2\/types\/page"}],"author":[{"embeddable":true,"href":"https:\/\/shaskiatravelandtours.com\/index.php\/wp-json\/wp\/v2\/users\/1"}],"replies":[{"embeddable":true,"href":"https:\/\/shaskiatravelandtours.com\/index.php\/wp-json\/wp\/v2\/comments?post=182"}],"version-history":[{"count":14,"href":"https:\/\/shaskiatravelandtours.com\/index.php\/wp-json\/wp\/v2\/pages\/182\/revisions"}],"predecessor-version":[{"id":2568,"href":"https:\/\/shaskiatravelandtours.com\/index.php\/wp-json\/wp\/v2\/pages\/182\/revisions\/2568"}],"wp:attachment":[{"href":"https:\/\/shaskiatravelandtours.com\/index.php\/wp-json\/wp\/v2\/media?parent=182"}],"curies":[{"name":"wp","href":"https:\/\/api.w.org\/{rel}","templated":true}]}}